{"id":38,"date":"2007-12-24T01:14:05","date_gmt":"2007-12-23T23:14:05","guid":{"rendered":"http:\/\/netrix.org.pl\/index.php\/programy\/ftpuploader\/"},"modified":"2024-03-15T21:39:22","modified_gmt":"2024-03-15T20:39:22","slug":"ftpuploader","status":"publish","type":"page","link":"http:\/\/netrix.org.pl\/index.php\/programy\/ftpuploader\/","title":{"rendered":"FTPUploader"},"content":{"rendered":"<p>FTPUploader jest to prosty program potrafi\u0105cy wys\u0142a\u0107 plik na wskazany serwer<br \/>\nza pomoc\u0105 2 kombinacji klawiszy.<br \/>\nAby rozpocz\u0105\u0107 korzystanie z programu nale\u017cy doda\u0107 do bazy danych \u017c\u0105dane serwery<br \/>\nFTP, przy czym w polu Adres download nale\u017cy poda\u0107 \u015bcie\u017ck\u0119, kt\u00f3ra b\u0119dzie dodawana<br \/>\ndo adresu pliku (w przypadku republiki na koncie o loginie zgred b\u0119dzie to<br \/>\nzgred.republika.pl). Wys\u0142a\u0107 plik mo\u017cna na 2 sposoby:<\/p>\n<ol>Standardowy &#8211; naciskasz &#8220;Wybierz plik&#8221;, wybierasz plik, a na ko\u0144cu &#8220;Wy\u015blij&#8221;.<br \/>\npo wys\u0142aniu plik automatycznie skopiuje si\u0119 do schowka, je\u017celi przypadkiem<br \/>\nzmienisz wpis w schowku mo\u017cesz nacisn\u0105\u0107 pole &#8220;Ostatni link&#8221; co spowoduje<br \/>\nponowne wpisanie linku do schowka.<\/ol>\n<ol> Hotkey&#8217;s &#8211; ta metoda jest du\u017co lepsze, zw\u0142aszcza dlatego, \u017ce program dzia\u0142a w tle.<br \/>\nAby wys\u0142a\u0107 plik t\u0105 metod\u0105 wystarczy po prostu skopiowa\u0107 plik do schowka<br \/>\n(kombinacja klawiszy Ctrl + C), a nast\u0119pnie wys\u0142a\u0107 plik wciskaj\u0105c klawisze<br \/>\nShift + Alt + S, po wys\u0142aniu link do pliku znajdzie si\u0119 w schowku.<br \/>\nKombinacja klawiszy Shift + Alt + L powoduje wpisanie do schowka ostatniego<br \/>\nlinka. (Uwaga kombinacja klawiszy powoduje zmiane klawiatury w Vi\u015bcie,<br \/>\nproponuje zostawi\u0107 sobie tylko klawiatur\u0119 polsk\u0105.)<\/ol>\n<p>Program posiada baz\u0119 link\u00f3w, w kt\u00f3rej znajduje si\u0119 20 ostatnich link\u00f3w.<\/p>\n<p><img decoding=\"async\" src=\"http:\/\/netrix.org.pl\/content\/blog\/ftpuploader.png\" alt=\"FTPUploader\" \/><\/p>\n<p><a href=\"http:\/\/netrix.org.pl\/content\/blog\/FTPUploader.rar\">Pobierz<\/a><\/p>\n","protected":false},"excerpt":{"rendered":"<p>FTPUploader jest to prosty program potrafi\u0105cy wys\u0142a\u0107 plik na wskazany serwer za pomoc\u0105 2 kombinacji klawiszy. Aby rozpocz\u0105\u0107 korzystanie z programu nale\u017cy doda\u0107 do bazy danych \u017c\u0105dane serwery FTP, przy czym w polu Adres download nale\u017cy poda\u0107 \u015bcie\u017ck\u0119, kt\u00f3ra b\u0119dzie dodawana do adresu pliku (w przypadku republiki na koncie o loginie zgred b\u0119dzie to zgred.republika.pl). [&hellip;]<\/p>\n","protected":false},"author":1,"featured_media":0,"parent":15,"menu_order":0,"comment_status":"closed","ping_status":"closed","template":"","meta":{"footnotes":""},"_links":{"self":[{"href":"http:\/\/netrix.org.pl\/index.php\/wp-json\/wp\/v2\/pages\/38"}],"collection":[{"href":"http:\/\/netrix.org.pl\/index.php\/wp-json\/wp\/v2\/pages"}],"about":[{"href":"http:\/\/netrix.org.pl\/index.php\/wp-json\/wp\/v2\/types\/page"}],"author":[{"embeddable":true,"href":"http:\/\/netrix.org.pl\/index.php\/wp-json\/wp\/v2\/users\/1"}],"replies":[{"embeddable":true,"href":"http:\/\/netrix.org.pl\/index.php\/wp-json\/wp\/v2\/comments?post=38"}],"version-history":[{"count":3,"href":"http:\/\/netrix.org.pl\/index.php\/wp-json\/wp\/v2\/pages\/38\/revisions"}],"predecessor-version":[{"id":1637,"href":"http:\/\/netrix.org.pl\/index.php\/wp-json\/wp\/v2\/pages\/38\/revisions\/1637"}],"up":[{"embeddable":true,"href":"http:\/\/netrix.org.pl\/index.php\/wp-json\/wp\/v2\/pages\/15"}],"wp:attachment":[{"href":"http:\/\/netrix.org.pl\/index.php\/wp-json\/wp\/v2\/media?parent=38"}],"curies":[{"name":"wp","href":"https:\/\/api.w.org\/{rel}","templated":true}]}}