{"id":17,"date":"2007-08-01T13:48:33","date_gmt":"2007-08-01T11:48:33","guid":{"rendered":"http:\/\/netrix.ifastnet.com\/?page_id=17"},"modified":"2024-03-15T21:39:22","modified_gmt":"2024-03-15T20:39:22","slug":"zetapi","status":"publish","type":"page","link":"https:\/\/netrix.org.pl\/index.php\/programy\/zetapi\/","title":{"rendered":"ZetApi"},"content":{"rendered":"<p>Jest to ulepszona wersja programu zet, kt\u00f3ry by\u0142 uruchamiany w konsoli.<\/p>\n<p>Program potrafi wysy\u0142a\u0107 pojedyncze wiadomo\u015bci za pomoc\u0105 us\u0142ugi Pos\u0142aniec oraz odtwarza\u0107 pliki mp3.<\/p>\n<p><img decoding=\"async\" src=\"http:\/\/netrix.org.pl\/content\/blog\/zetApi.jpg\" alt=\"ZetApi\" \/><\/p>\n<p>Pobierz: <a href=\"http:\/\/netrix.org.pl\/content\/blog\/ZetApi.exe\">ZetApi.exe<\/a><\/p>\n","protected":false},"excerpt":{"rendered":"<p>Jest to ulepszona wersja programu zet, kt\u00f3ry by\u0142 uruchamiany w konsoli. Program potrafi wysy\u0142a\u0107 pojedyncze wiadomo\u015bci za pomoc\u0105 us\u0142ugi Pos\u0142aniec oraz odtwarza\u0107 pliki mp3. Pobierz: ZetApi.exe<\/p>\n","protected":false},"author":1,"featured_media":0,"parent":15,"menu_order":0,"comment_status":"closed","ping_status":"closed","template":"","meta":{"footnotes":""},"_links":{"self":[{"href":"https:\/\/netrix.org.pl\/index.php\/wp-json\/wp\/v2\/pages\/17"}],"collection":[{"href":"https:\/\/netrix.org.pl\/index.php\/wp-json\/wp\/v2\/pages"}],"about":[{"href":"https:\/\/netrix.org.pl\/index.php\/wp-json\/wp\/v2\/types\/page"}],"author":[{"embeddable":true,"href":"https:\/\/netrix.org.pl\/index.php\/wp-json\/wp\/v2\/users\/1"}],"replies":[{"embeddable":true,"href":"https:\/\/netrix.org.pl\/index.php\/wp-json\/wp\/v2\/comments?post=17"}],"version-history":[{"count":2,"href":"https:\/\/netrix.org.pl\/index.php\/wp-json\/wp\/v2\/pages\/17\/revisions"}],"predecessor-version":[{"id":1642,"href":"https:\/\/netrix.org.pl\/index.php\/wp-json\/wp\/v2\/pages\/17\/revisions\/1642"}],"up":[{"embeddable":true,"href":"https:\/\/netrix.org.pl\/index.php\/wp-json\/wp\/v2\/pages\/15"}],"wp:attachment":[{"href":"https:\/\/netrix.org.pl\/index.php\/wp-json\/wp\/v2\/media?parent=17"}],"curies":[{"name":"wp","href":"https:\/\/api.w.org\/{rel}","templated":true}]}}