{"id":18,"date":"2007-08-01T13:52:09","date_gmt":"2007-08-01T11:52:09","guid":{"rendered":"http:\/\/netrix.ifastnet.com\/?page_id=18"},"modified":"2024-03-15T21:39:22","modified_gmt":"2024-03-15T20:39:22","slug":"arkanoid","status":"publish","type":"page","link":"https:\/\/netrix.org.pl\/index.php\/gry\/arkanoid\/","title":{"rendered":"Arkanoid"},"content":{"rendered":"<p>Jest to moja pierwsza gra, mo\u017ce nie jest za pi\u0119kna, ale spe\u0142nia podstawowe za\u0142o\u017cenia. Zasady s\u0105 proste, wystarczy zbi\u0107 wszystkie klocki.<\/p>\n<p>Napisana jest przy u\u017cyciu biblioteki SDL.<\/p>\n<p><a href=\"http:\/\/netrix.org.pl\/content\/blog\/arkDuzy.JPG\"><img decoding=\"async\" src=\"http:\/\/netrix.org.pl\/content\/blog\/arkMaly.JPG\" alt=\"Arkanoid\" \/><\/a><\/p>\n<p>Pobierz: <a href=\"http:\/\/netrix.org.pl\/content\/blog\/Arkanoid.exe\">Arkanoid.exe<\/a><\/p>\n","protected":false},"excerpt":{"rendered":"<p>Jest to moja pierwsza gra, mo\u017ce nie jest za pi\u0119kna, ale spe\u0142nia podstawowe za\u0142o\u017cenia. Zasady s\u0105 proste, wystarczy zbi\u0107 wszystkie klocki. Napisana jest przy u\u017cyciu biblioteki SDL. Pobierz: Arkanoid.exe<\/p>\n","protected":false},"author":1,"featured_media":0,"parent":14,"menu_order":0,"comment_status":"closed","ping_status":"closed","template":"","meta":{"footnotes":""},"_links":{"self":[{"href":"https:\/\/netrix.org.pl\/index.php\/wp-json\/wp\/v2\/pages\/18"}],"collection":[{"href":"https:\/\/netrix.org.pl\/index.php\/wp-json\/wp\/v2\/pages"}],"about":[{"href":"https:\/\/netrix.org.pl\/index.php\/wp-json\/wp\/v2\/types\/page"}],"author":[{"embeddable":true,"href":"https:\/\/netrix.org.pl\/index.php\/wp-json\/wp\/v2\/users\/1"}],"replies":[{"embeddable":true,"href":"https:\/\/netrix.org.pl\/index.php\/wp-json\/wp\/v2\/comments?post=18"}],"version-history":[{"count":6,"href":"https:\/\/netrix.org.pl\/index.php\/wp-json\/wp\/v2\/pages\/18\/revisions"}],"predecessor-version":[{"id":1633,"href":"https:\/\/netrix.org.pl\/index.php\/wp-json\/wp\/v2\/pages\/18\/revisions\/1633"}],"up":[{"embeddable":true,"href":"https:\/\/netrix.org.pl\/index.php\/wp-json\/wp\/v2\/pages\/14"}],"wp:attachment":[{"href":"https:\/\/netrix.org.pl\/index.php\/wp-json\/wp\/v2\/media?parent=18"}],"curies":[{"name":"wp","href":"https:\/\/api.w.org\/{rel}","templated":true}]}}