{"id":183,"date":"2009-07-26T00:32:09","date_gmt":"2009-07-25T23:32:09","guid":{"rendered":"http:\/\/netrix.org.pl\/?page_id=183"},"modified":"2024-03-15T21:39:22","modified_gmt":"2024-03-15T20:39:22","slug":"nvido","status":"publish","type":"page","link":"https:\/\/netrix.org.pl\/index.php\/programy\/nvido\/","title":{"rendered":"NViDo"},"content":{"rendered":"<p>Jest to aplikacja do pobierania film\u00f3w z serwis\u00f3w takich jak <a title=\"Youtube\" href=\"http:\/\/pl.youtube.com\/\">Youtube<\/a>. Zalet\u0105 programu jest prostota obs\u0142ugi, kt\u00f3ra mo\u017ce sprowadzi\u0107 si\u0119 do skopiowania linku do schowka i wci\u015bni\u0119ciu skr\u00f3tu klawiszowego &#8220;SHIFT + ALT + D&#8221;. Innymi funkcjami aplikacji s\u0105:<\/p>\n<ul>\n<li>odtworzenie filmu zaraz po \u015bci\u0105gni\u0119ciu<\/li>\n<li>tworzenie historii pobranych plik\u00f3w wideo (z kt\u00f3rej mo\u017cna bezpo\u015brednio odpali\u0107 dany plik)<\/li>\n<li>pobieranie r\u00f3wnie\u017c wersji HD je\u017celi istnieje w serwisie<\/li>\n<\/ul>\n<p>Aktualnie obs\u0142ugiwane serwisy to <a title=\"Youtube\" href=\"http:\/\/pl.youtube.com\/\">Youtube<\/a> i <a title=\"Vimeo\" href=\"http:\/\/vimeo.com\/\" target=\"_blank\" rel=\"noopener\">Vimeo<\/a> (w przysz\u0142o\u015bci pewnie dodam wi\u0119cej). Aplikacja jest w miar\u0119 odbugowana, je\u015bli wyst\u0105pi\u0105 jakie\u015b b\u0142\u0119dy to postaram si\u0119 naprawi\u0107 (cho\u0107 nie obiecuj\u0119).<\/p>\n<p><a title=\"NViDo\" href=\"http:\/\/netrix.org.pl\/content\/blog\/NViDo.7z\">Pobierz<\/a><br \/>\n<a href=\"http:\/\/netrix.org.pl\/wp-content\/2009\/07\/hdoq.png\"><img loading=\"lazy\" decoding=\"async\" class=\"size-medium wp-image-174\" title=\"NViDo\" src=\"http:\/\/netrix.org.pl\/wp-content\/2009\/07\/hdoq-300x189.png\" alt=\"NViDo\" width=\"300\" height=\"189\" srcset=\"https:\/\/netrix.org.pl\/wp-content\/2009\/07\/hdoq-300x189.png 300w, https:\/\/netrix.org.pl\/wp-content\/2009\/07\/hdoq.png 527w\" sizes=\"(max-width: 300px) 100vw, 300px\" \/><\/a><\/p>\n","protected":false},"excerpt":{"rendered":"<p>Jest to aplikacja do pobierania film\u00f3w z serwis\u00f3w takich jak Youtube. Zalet\u0105 programu jest prostota obs\u0142ugi, kt\u00f3ra mo\u017ce sprowadzi\u0107 si\u0119 do skopiowania linku do schowka i wci\u015bni\u0119ciu skr\u00f3tu klawiszowego &#8220;SHIFT + ALT + D&#8221;. Innymi funkcjami aplikacji s\u0105: odtworzenie filmu zaraz po \u015bci\u0105gni\u0119ciu tworzenie historii pobranych plik\u00f3w wideo (z kt\u00f3rej mo\u017cna bezpo\u015brednio odpali\u0107 dany plik) [&hellip;]<\/p>\n","protected":false},"author":1,"featured_media":0,"parent":15,"menu_order":0,"comment_status":"closed","ping_status":"closed","template":"","meta":{"footnotes":""},"_links":{"self":[{"href":"https:\/\/netrix.org.pl\/index.php\/wp-json\/wp\/v2\/pages\/183"}],"collection":[{"href":"https:\/\/netrix.org.pl\/index.php\/wp-json\/wp\/v2\/pages"}],"about":[{"href":"https:\/\/netrix.org.pl\/index.php\/wp-json\/wp\/v2\/types\/page"}],"author":[{"embeddable":true,"href":"https:\/\/netrix.org.pl\/index.php\/wp-json\/wp\/v2\/users\/1"}],"replies":[{"embeddable":true,"href":"https:\/\/netrix.org.pl\/index.php\/wp-json\/wp\/v2\/comments?post=183"}],"version-history":[{"count":7,"href":"https:\/\/netrix.org.pl\/index.php\/wp-json\/wp\/v2\/pages\/183\/revisions"}],"predecessor-version":[{"id":1640,"href":"https:\/\/netrix.org.pl\/index.php\/wp-json\/wp\/v2\/pages\/183\/revisions\/1640"}],"up":[{"embeddable":true,"href":"https:\/\/netrix.org.pl\/index.php\/wp-json\/wp\/v2\/pages\/15"}],"wp:attachment":[{"href":"https:\/\/netrix.org.pl\/index.php\/wp-json\/wp\/v2\/media?parent=183"}],"curies":[{"name":"wp","href":"https:\/\/api.w.org\/{rel}","templated":true}]}}