{"id":19,"date":"2007-08-01T14:03:14","date_gmt":"2007-08-01T12:03:14","guid":{"rendered":"http:\/\/netrix.ifastnet.com\/?page_id=19"},"modified":"2024-03-15T21:39:22","modified_gmt":"2024-03-15T20:39:22","slug":"silnik-rpg","status":"publish","type":"page","link":"https:\/\/netrix.org.pl\/index.php\/gry\/silnik-rpg\/","title":{"rendered":"Silnik RPG"},"content":{"rendered":"<p>RPGcore jest moim pierwszym powa\u017cnym projektem. Pracowa\u0142em nad nim oko\u0142o 6 miesi\u0119cy i du\u017co si\u0119 przy tym nauczy\u0142em. Projekt polega na tym, aby umo\u017cliwi\u0107 wszystkim stworzenie dowolnej fabu\u0142y bez zmieniania kodu, jedyne zmiany s\u0105 w plikach. Wysz\u0142o jak wysz\u0142o, sam projekt niestety nie jest idealny, poniewa\u017c jako, \u017ce jest moim pierwszym to projektowania uczy\u0142em si\u0119 w\u0142a\u015bnie na nim. W za\u0142o\u017ceniach postawi\u0142em sobie zrobienie kilku punkt\u00f3w, kt\u00f3re s\u0105 w techdemie. Oczywi\u015bcie na pewno wyst\u0119puje niezliczona ilo\u015b\u0107 bug\u00f3w, ale niestety gdybym mia\u0142 si\u0119 tym projektem ca\u0142y czas zajmowa\u0107 ugrz\u0105z\u0142bym na nim, a poniewa\u017c zamierzam wej\u015b\u0107 w \u015bwiat 3D, dlatego projekt uwa\u017cam za zako\u0144czony.<\/p>\n<p><a href=\"http:\/\/netrix.org.pl\/content\/blog\/RPGcore.rar\">Pobierz<\/a><\/p>\n<p>\/\/ Edit: Dokumentacji nie b\u0119dzie, poniewa\u017c nie chce mi si\u0119 zagl\u0105da\u0107 do &#8220;kodu&#8221;. Z up\u0142ywem czasu zrozumia\u0142em jaka to jest masakra. Kodu nie udost\u0119pni\u0119, bo jest mi po prostu wstyd :).<\/p>\n","protected":false},"excerpt":{"rendered":"<p>RPGcore jest moim pierwszym powa\u017cnym projektem. Pracowa\u0142em nad nim oko\u0142o 6 miesi\u0119cy i du\u017co si\u0119 przy tym nauczy\u0142em. Projekt polega na tym, aby umo\u017cliwi\u0107 wszystkim stworzenie dowolnej fabu\u0142y bez zmieniania kodu, jedyne zmiany s\u0105 w plikach. Wysz\u0142o jak wysz\u0142o, sam projekt niestety nie jest idealny, poniewa\u017c jako, \u017ce jest moim pierwszym to projektowania uczy\u0142em si\u0119 [&hellip;]<\/p>\n","protected":false},"author":1,"featured_media":0,"parent":14,"menu_order":0,"comment_status":"closed","ping_status":"closed","template":"","meta":{"footnotes":""},"_links":{"self":[{"href":"https:\/\/netrix.org.pl\/index.php\/wp-json\/wp\/v2\/pages\/19"}],"collection":[{"href":"https:\/\/netrix.org.pl\/index.php\/wp-json\/wp\/v2\/pages"}],"about":[{"href":"https:\/\/netrix.org.pl\/index.php\/wp-json\/wp\/v2\/types\/page"}],"author":[{"embeddable":true,"href":"https:\/\/netrix.org.pl\/index.php\/wp-json\/wp\/v2\/users\/1"}],"replies":[{"embeddable":true,"href":"https:\/\/netrix.org.pl\/index.php\/wp-json\/wp\/v2\/comments?post=19"}],"version-history":[{"count":4,"href":"https:\/\/netrix.org.pl\/index.php\/wp-json\/wp\/v2\/pages\/19\/revisions"}],"predecessor-version":[{"id":1635,"href":"https:\/\/netrix.org.pl\/index.php\/wp-json\/wp\/v2\/pages\/19\/revisions\/1635"}],"up":[{"embeddable":true,"href":"https:\/\/netrix.org.pl\/index.php\/wp-json\/wp\/v2\/pages\/14"}],"wp:attachment":[{"href":"https:\/\/netrix.org.pl\/index.php\/wp-json\/wp\/v2\/media?parent=19"}],"curies":[{"name":"wp","href":"https:\/\/api.w.org\/{rel}","templated":true}]}}