{"id":2,"date":"2007-07-31T16:43:56","date_gmt":"2007-07-31T15:43:56","guid":{"rendered":""},"modified":"2024-03-15T21:39:22","modified_gmt":"2024-03-15T20:39:22","slug":"about","status":"publish","type":"page","link":"https:\/\/netrix.org.pl\/index.php\/about\/","title":{"rendered":"About"},"content":{"rendered":"<p>My name is <strong>Kamil Szatkowski<\/strong> and I come from Myszk\u00f3w (near Cz\u0119stochowa). Currently I live in Wroclaw where I studied Computer Science at Wroclaw Univeristy of Technology and now work for Nokia Networks (Nokia Solutions and Networks Sp. z.o.o.) as C++ Software Developer.<\/p>\n<p><span style=\"text-decoration: underline;\"><strong>Contact:<\/strong><\/span><\/p>\n<ul>\n<li><strong>E-mail: <\/strong><img decoding=\"async\" style=\"width: 193.8px; height: 17.6px; position: relative; top: 4pt; margin: 0 0;\" src=\"http:\/\/netrix.org.pl\/wp-content\/2008\/12\/mailto.jpg\" alt=\"mailto.jpg\" \/><\/li>\n<li><strong>Facebook: <\/strong><a href=\"http:\/\/www.facebook.com\/#!\/kamil.szatkowski\">http:\/\/www.facebook.com\/#!\/kamil.szatkowski<\/a><\/li>\n<li><strong>Twitter: <\/strong><a href=\"http:\/\/twitter.com\/Netrix__\">http:\/\/twitter.com\/Netrix__<\/a><\/li>\n<li><strong>LinkedIn:<\/strong> <a href=\"http:\/\/www.linkedin.com\/pub\/kamil-szatkowski\/35\/850\/685\">http:\/\/www.linkedin.com\/pub\/kamil-szatkowski\/35\/850\/685<\/a><\/li>\n<\/ul>\n<p><span style=\"text-decoration: underline;\"><strong>Education:<\/strong><\/span><\/p>\n<ul>\n<li><strong>2012-2015:\u00a0<\/strong>Wroclaw University of Technology, Master of Science at Faculty of Computer Science and Management. Computer Science, specialization in Intelligent Informatics Systems.<\/li>\n<li><strong>2008-2011:<\/strong> Wroclaw University of Technology, Bachelor of Science at Faculty of Computer Science and Management, Computer Science.<\/li>\n<\/ul>\n<p><span style=\"text-decoration: underline;\"><strong>Experience:<\/strong><\/span><\/p>\n<ul>\n<li><strong>V 2014 &#8211; now:<\/strong> <span style=\"text-decoration: underline;\">Nokia Networks<\/span>, department in Wroclaw, Poland (<span style=\"text-decoration: underline;\">C++ Software Developer, LTE C-Plane<\/span>).<br \/>\nFeature developer in LTE C-Plane. Lecturer in NSN Academy. Lecturer in PARO courses on Wroclaw University of Technology and Wroclaw University.<\/li>\n<li><strong>V 2013 &#8211; IV 2014:<\/strong> <span style=\"text-decoration: underline;\">Nokia Siemens Networks<\/span>, department in Wroclaw, Poland (<span style=\"text-decoration: underline;\">C++ Software Developer, WCDMA C-Plane<\/span>).<br \/>\nResponsibilities in rewriting one of C-Plane&#8217;s component.<\/li>\n<li><strong>VII 2011 &#8211; IV 2013:<\/strong> <span style=\"text-decoration: underline;\">Gigaset Communications GmbH<\/span>, department in Wroclaw, Poland (<span style=\"text-decoration: underline;\">Junior Software Developer<\/span>), hired by Power Media S.A.<br \/>\nConfiguration Management of the project using Git and CMake. Developer of embedded system software. Developer of web application in embedded system.<\/li>\n<li><strong>II &#8211; III 2011:<\/strong> <span style=\"text-decoration: underline;\">Techland sp. z o.o.<\/span>, department in Wroc\u0142aw, Poland (<span style=\"text-decoration: underline;\">internship<\/span>).<br \/>\nResponsibility for creating case study of destruction model in FPP games, implementation of level serialization elements in XML, implementation of UI elements for a currently developed FPP game.<\/li>\n<li><strong>VII &#8211; IX 2010:<\/strong> <span style=\"text-decoration: underline;\">Advanced Digital Broadcast Sp. z o.o.<\/span> in Zielona Gora (<span style=\"text-decoration: underline;\">student internship<\/span>).<br \/>\nResponsibility for creating, starting up and checking the test environment for new audio\/video data decoding and presenting drivers.<\/li>\n<\/ul>\n<p><span style=\"text-decoration: underline;\"><strong>Skills:<\/strong><\/span><\/p>\n<ul>\n<li><strong>Compiled languages: <\/strong><a href=\"http:\/\/netrix.org.pl\/index.php\/tag\/cpp\/\">C++<\/a>, <a href=\"http:\/\/netrix.org.pl\/index.php\/tag\/csharp\/\">C#<\/a>, <a href=\"http:\/\/netrix.org.pl\/index.php\/tag\/java\/\">Java<\/a>, Cg\/HLSL\/GLSL,<\/li>\n<li><strong>Script languages: <\/strong>Perl, PHP, Python,<\/li>\n<li><strong>Description languages: <\/strong>HTML, CSS, XML, <a href=\"http:\/\/netrix.org.pl\/index.php\/tag\/json\/\">JSON,<\/a><\/li>\n<li><strong>Other: <\/strong>SQL,<\/li>\n<\/ul>\n<ul>\n<li><strong>Libraries: <\/strong><a href=\"http:\/\/netrix.org.pl\/index.php\/tag\/directx\/\">DirectX<\/a>, OpenGL, <a href=\"http:\/\/netrix.org.pl\/index.php\/tag\/sdl\/\">SDL<\/a>, WinAPI, <a href=\"http:\/\/netrix.org.pl\/index.php\/tag\/windows-forms\/\">Windows Forms<\/a>, Qt (+ PyQt).<\/li>\n<li><strong>IDE: <\/strong>MS Visual Studio, IntelliJ (and derivatives), QtCreator,<\/li>\n<\/ul>\n<ul>\n<li><strong>Operating Systems: <\/strong>MS Windows, Linux.<\/li>\n<\/ul>\n<p><span style=\"text-decoration: underline;\"><strong>Languages:<\/strong><\/span><\/p>\n<ul>\n<li>English,<\/li>\n<li>Polish (native),<\/li>\n<\/ul>\n<p><span style=\"text-decoration: underline;\"><strong>Interests:<\/strong><\/span><\/p>\n<ul>\n<li>Artificial intelligence,<\/li>\n<li>Machine Learning,<\/li>\n<li>Game programming,<\/li>\n<li>Computer graphics,<\/li>\n<li>Science-Fiction,<\/li>\n<li>Science,<\/li>\n<li>Technologies.<\/li>\n<\/ul>\n<p style=\"text-align: right; margin-top: 20px;\"><em>&#8220;Nie ma rzeczy niemo\u017cliwych, po prostu czas wykonania niekt\u00f3rych czynno\u015bci d\u0105\u017cy do niesko\u0144czono\u015bci.&#8221;<\/em><\/p>\n","protected":false},"excerpt":{"rendered":"<p>My name is Kamil Szatkowski and I come from Myszk\u00f3w (near Cz\u0119stochowa). Currently I live in Wroclaw where I studied Computer Science at Wroclaw Univeristy of Technology and now work for Nokia Networks (Nokia Solutions and Networks Sp. z.o.o.) as C++ Software Developer. Contact: E-mail: Facebook: http:\/\/www.facebook.com\/#!\/kamil.szatkowski Twitter: http:\/\/twitter.com\/Netrix__ LinkedIn: http:\/\/www.linkedin.com\/pub\/kamil-szatkowski\/35\/850\/685 Education: 2012-2015:\u00a0Wroclaw University of [&hellip;]<\/p>\n","protected":false},"author":1,"featured_media":0,"parent":0,"menu_order":5,"comment_status":"closed","ping_status":"closed","template":"","meta":{"footnotes":""},"_links":{"self":[{"href":"https:\/\/netrix.org.pl\/index.php\/wp-json\/wp\/v2\/pages\/2"}],"collection":[{"href":"https:\/\/netrix.org.pl\/index.php\/wp-json\/wp\/v2\/pages"}],"about":[{"href":"https:\/\/netrix.org.pl\/index.php\/wp-json\/wp\/v2\/types\/page"}],"author":[{"embeddable":true,"href":"https:\/\/netrix.org.pl\/index.php\/wp-json\/wp\/v2\/users\/1"}],"replies":[{"embeddable":true,"href":"https:\/\/netrix.org.pl\/index.php\/wp-json\/wp\/v2\/comments?post=2"}],"version-history":[{"count":23,"href":"https:\/\/netrix.org.pl\/index.php\/wp-json\/wp\/v2\/pages\/2\/revisions"}],"predecessor-version":[{"id":1524,"href":"https:\/\/netrix.org.pl\/index.php\/wp-json\/wp\/v2\/pages\/2\/revisions\/1524"}],"wp:attachment":[{"href":"https:\/\/netrix.org.pl\/index.php\/wp-json\/wp\/v2\/media?parent=2"}],"curies":[{"name":"wp","href":"https:\/\/api.w.org\/{rel}","templated":true}]}}