{"id":28,"date":"2007-09-06T15:41:36","date_gmt":"2007-09-06T13:41:36","guid":{"rendered":"http:\/\/netrix.org.pl\/index.php\/zet\/janko-muzykant\/"},"modified":"2024-03-15T21:39:22","modified_gmt":"2024-03-15T20:39:22","slug":"janko-muzykant","status":"publish","type":"page","link":"https:\/\/netrix.org.pl\/index.php\/gry\/janko-muzykant\/","title":{"rendered":"Janko Muzykant"},"content":{"rendered":"<p>Jest to gra napisana na Compo organizowane przez Warsztat z dnia 2007-06-10, kt\u00f3rego tematem by\u0142a gra na podstawie lektury szkolnej. By\u0142o to m\u00f3j pierwszy udzia\u0142 w Compo, dlatego te\u017c stara\u0142em si\u0119 wybra\u0107 co\u015b co by\u0142bym w stanie sko\u0144czy\u0107, czyli kr\u00f3tki Janko Muzykant. Jak si\u0119 okaza\u0142o napisanie tego nie by\u0142o a\u017c takie proste, ale postara\u0142em si\u0119 i sko\u0144czy\u0142em ten projekt. Gra sama w sobie nie ma zbyt du\u017co wsp\u00f3lnego z lektur\u0105, ale uda\u0142o mi si\u0119 umie\u015bci\u0107 ca\u0142\u0105 tre\u015b\u0107 lektury w grze. Gra polega na dotarciu myszk\u0105, nie dotykaj\u0105c \u015bcian do mety. Sk\u0142ada si\u0119 z 5 poziom\u00f3w. Z fabu\u0142\u0105 ksi\u0105\u017cki \u0142\u0105czy j\u0105 moment wkradni\u0119cia sie Janka do domu i pr\u00f3ba kradzie\u017cy skrzypiec.<\/p>\n<p><a href=\"http:\/\/netrix.org.pl\/content\/blog\/jankomuzykant1.jpg\"><img decoding=\"async\" src=\"http:\/\/netrix.org.pl\/content\/blog\/jankomuzykant1_s.jpg\" alt=\"jm1_s\" \/><\/a><a href=\"http:\/\/netrix.org.pl\/content\/blog\/jankomuzykant2.jpg\"><img decoding=\"async\" src=\"http:\/\/netrix.org.pl\/content\/blog\/jankomuzykant2_s.jpg\" alt=\"jm2_s\" \/><\/a><br \/>\nGr\u0119 udost\u0119pniam razem z kodem:<br \/>\n<a href=\"http:\/\/netrix.org.pl\/content\/blog\/CompoPraca.rar\">Pobierz<\/a><\/p>\n","protected":false},"excerpt":{"rendered":"<p>Jest to gra napisana na Compo organizowane przez Warsztat z dnia 2007-06-10, kt\u00f3rego tematem by\u0142a gra na podstawie lektury szkolnej. By\u0142o to m\u00f3j pierwszy udzia\u0142 w Compo, dlatego te\u017c stara\u0142em si\u0119 wybra\u0107 co\u015b co by\u0142bym w stanie sko\u0144czy\u0107, czyli kr\u00f3tki Janko Muzykant. Jak si\u0119 okaza\u0142o napisanie tego nie by\u0142o a\u017c takie proste, ale postara\u0142em si\u0119 [&hellip;]<\/p>\n","protected":false},"author":1,"featured_media":0,"parent":14,"menu_order":0,"comment_status":"closed","ping_status":"closed","template":"","meta":{"footnotes":""},"_links":{"self":[{"href":"https:\/\/netrix.org.pl\/index.php\/wp-json\/wp\/v2\/pages\/28"}],"collection":[{"href":"https:\/\/netrix.org.pl\/index.php\/wp-json\/wp\/v2\/pages"}],"about":[{"href":"https:\/\/netrix.org.pl\/index.php\/wp-json\/wp\/v2\/types\/page"}],"author":[{"embeddable":true,"href":"https:\/\/netrix.org.pl\/index.php\/wp-json\/wp\/v2\/users\/1"}],"replies":[{"embeddable":true,"href":"https:\/\/netrix.org.pl\/index.php\/wp-json\/wp\/v2\/comments?post=28"}],"version-history":[{"count":3,"href":"https:\/\/netrix.org.pl\/index.php\/wp-json\/wp\/v2\/pages\/28\/revisions"}],"predecessor-version":[{"id":1634,"href":"https:\/\/netrix.org.pl\/index.php\/wp-json\/wp\/v2\/pages\/28\/revisions\/1634"}],"up":[{"embeddable":true,"href":"https:\/\/netrix.org.pl\/index.php\/wp-json\/wp\/v2\/pages\/14"}],"wp:attachment":[{"href":"https:\/\/netrix.org.pl\/index.php\/wp-json\/wp\/v2\/media?parent=28"}],"curies":[{"name":"wp","href":"https:\/\/api.w.org\/{rel}","templated":true}]}}